{"id":81,"date":"2021-01-02T19:42:02","date_gmt":"2021-01-02T19:42:02","guid":{"rendered":"http:\/\/drcarloscastillo.com\/?page_id=81"},"modified":"2021-02-09T17:27:50","modified_gmt":"2021-02-09T22:27:50","slug":"consultas","status":"publish","type":"page","link":"https:\/\/drcarloscastillo.com\/home\/consultas\/","title":{"rendered":"Procedimientos<br>Desde la edad de 15 a +55 a\u00f1os"},"content":{"rendered":"\n<div class=\"container\">\n            <div class=\"row\">\n                <div class=\"col-12 mg-t-50 mg-b-20 text-center\">\n                    <h2>\u00bfQu\u00e9 puede hacer el Dr Carlos Castillo por ti?<\/h2>\n                <\/div>\n            <\/div>\n            <div class=\"row\">\n                <div class=\"col-12 text-intro text-justify\">\n                    <p>El Dr Carlos Castillo es un especialista en pies y tobillo. Ortopedista y traumat\u00f3logo con subespecialidad en Cirug\u00eda Reconstructiva de pie y tobillo, con experiencia en reemplazo articular de tobillo, artroscopia de tobillo y fijadores externos de pie y tobillo. Correcci\u00f3n de deformidad angular de pie y tobillo, pie plano, pie cavo, deformidades cong\u00e9nitas y secuelas postraum\u00e1ticas.\n\n                    <\/p>\n                <\/div>\n            <\/div>\n            <div class=\"row\">\n                <div class=\"col-12 mg-t-50 mg-b-20 text-center\">\n                    <h2>Nuestra metodolog\u00eda como especialista en pies y tobillo<\/h2>\n                <\/div>\n            <\/div>\n<div class=\"row\">\n                <div class=\"col-12 mg-t-50 mg-b-20 text-center\">\n                    <p>\nBuscamos nuevos pasos hacia el bienestar de nuestros pacientes. Por eso. trabajo en tres grandes ejes que nos permitan valorar y diagnosticar los casos m\u00e1s frecuentes con los que llegan nuestros pacientes a consulta<\/p>\n                <\/div>\n            <\/div>\n        <\/div>\n","protected":false},"excerpt":{"rendered":"<p>\u00bfQu\u00e9 puede hacer el Dr Carlos Castillo por ti? El Dr Carlos Castillo es un especialista en pies y tobillo. Ortopedista y traumat\u00f3logo con subespecialidad en Cirug\u00eda Reconstructiva de pie y tobillo, con experiencia en reemplazo articular de tobillo, artroscopia de tobillo y fijadores externos de pie y tobillo. Correcci\u00f3n de deformidad angular de pie [&hellip;]<\/p>\n","protected":false},"author":1,"featured_media":56,"parent":0,"menu_order":0,"comment_status":"closed","ping_status":"open","template":"page_procedimientos.php","meta":{"_acf_changed":false,"footnotes":""},"class_list":["post-81","page","type-page","status-publish","has-post-thumbnail","hentry"],"acf":[],"yoast_head":"<!-- This site is optimized with the Yoast SEO plugin v23.1 - https:\/\/yoast.com\/wordpress\/plugins\/seo\/ -->\n<title>ProcedimientosDesde la edad de 15 a +55 a\u00f1os | Dr Carlos Castillo F.<\/title>\n<meta name=\"robots\" content=\"index, follow, max-snippet:-1, max-image-preview:large, max-video-preview:-1\" \/>\n<link rel=\"canonical\" href=\"https:\/\/drcarloscastillo.com\/home\/consultas\/\" \/>\n<meta property=\"og:locale\" content=\"es_ES\" \/>\n<meta property=\"og:type\" content=\"article\" \/>\n<meta property=\"og:title\" content=\"ProcedimientosDesde la edad de 15 a +55 a\u00f1os | Dr Carlos Castillo F.\" \/>\n<meta property=\"og:description\" content=\"\u00bfQu\u00e9 puede hacer el Dr Carlos Castillo por ti? El Dr Carlos Castillo es un especialista en pies y tobillo. Ortopedista y traumat\u00f3logo con subespecialidad en Cirug\u00eda Reconstructiva de pie y tobillo, con experiencia en reemplazo articular de tobillo, artroscopia de tobillo y fijadores externos de pie y tobillo. Correcci\u00f3n de deformidad angular de pie [&hellip;]\" \/>\n<meta property=\"og:url\" content=\"https:\/\/drcarloscastillo.com\/home\/consultas\/\" \/>\n<meta property=\"og:site_name\" content=\"Dr Carlos Castillo F.\" \/>\n<meta property=\"article:modified_time\" content=\"2021-02-09T22:27:50+00:00\" \/>\n<meta property=\"og:image\" content=\"https:\/\/drcarloscastillo.com\/wp-content\/uploads\/2020\/12\/pie3.png\" \/>\n\t<meta property=\"og:image:width\" content=\"600\" \/>\n\t<meta property=\"og:image:height\" content=\"600\" \/>\n\t<meta property=\"og:image:type\" content=\"image\/png\" \/>\n<meta name=\"twitter:card\" content=\"summary_large_image\" \/>\n<meta name=\"twitter:label1\" content=\"Tiempo de lectura\" \/>\n\t<meta name=\"twitter:data1\" content=\"1 minuto\" \/>\n<script type=\"application\/ld+json\" class=\"yoast-schema-graph\">{\"@context\":\"https:\/\/schema.org\",\"@graph\":[{\"@type\":\"WebPage\",\"@id\":\"https:\/\/drcarloscastillo.com\/home\/consultas\/\",\"url\":\"https:\/\/drcarloscastillo.com\/home\/consultas\/\",\"name\":\"Procedimientos Desde la edad de 15 a +55 a\u00f1os | Dr Carlos Castillo F.\",\"isPartOf\":{\"@id\":\"https:\/\/drcarloscastillo.com\/home\/#website\"},\"primaryImageOfPage\":{\"@id\":\"https:\/\/drcarloscastillo.com\/home\/consultas\/#primaryimage\"},\"image\":{\"@id\":\"https:\/\/drcarloscastillo.com\/home\/consultas\/#primaryimage\"},\"thumbnailUrl\":\"https:\/\/drcarloscastillo.com\/wp-content\/uploads\/2020\/12\/pie3.png\",\"datePublished\":\"2021-01-02T19:42:02+00:00\",\"dateModified\":\"2021-02-09T22:27:50+00:00\",\"breadcrumb\":{\"@id\":\"https:\/\/drcarloscastillo.com\/home\/consultas\/#breadcrumb\"},\"inLanguage\":\"es\",\"potentialAction\":[{\"@type\":\"ReadAction\",\"target\":[\"https:\/\/drcarloscastillo.com\/home\/consultas\/\"]}]},{\"@type\":\"ImageObject\",\"inLanguage\":\"es\",\"@id\":\"https:\/\/drcarloscastillo.com\/home\/consultas\/#primaryimage\",\"url\":\"https:\/\/drcarloscastillo.com\/wp-content\/uploads\/2020\/12\/pie3.png\",\"contentUrl\":\"https:\/\/drcarloscastillo.com\/wp-content\/uploads\/2020\/12\/pie3.png\",\"width\":600,\"height\":600},{\"@type\":\"BreadcrumbList\",\"@id\":\"https:\/\/drcarloscastillo.com\/home\/consultas\/#breadcrumb\",\"itemListElement\":[{\"@type\":\"ListItem\",\"position\":1,\"name\":\"Portada\",\"item\":\"https:\/\/drcarloscastillo.com\/home\/\"},{\"@type\":\"ListItem\",\"position\":2,\"name\":\"ProcedimientosDesde la edad de 15 a +55 a\u00f1os\"}]},{\"@type\":\"WebSite\",\"@id\":\"https:\/\/drcarloscastillo.com\/home\/#website\",\"url\":\"https:\/\/drcarloscastillo.com\/home\/\",\"name\":\"Dr Carlos Castillo F.\",\"description\":\"Ortopedista y traumat\u00f3logo\",\"publisher\":{\"@id\":\"https:\/\/drcarloscastillo.com\/home\/#organization\"},\"potentialAction\":[{\"@type\":\"SearchAction\",\"target\":{\"@type\":\"EntryPoint\",\"urlTemplate\":\"https:\/\/drcarloscastillo.com\/home\/?s={search_term_string}\"},\"query-input\":\"required name=search_term_string\"}],\"inLanguage\":\"es\"},{\"@type\":\"Organization\",\"@id\":\"https:\/\/drcarloscastillo.com\/home\/#organization\",\"name\":\"Dr Carlos Castillo F.\",\"url\":\"https:\/\/drcarloscastillo.com\/home\/\",\"logo\":{\"@type\":\"ImageObject\",\"inLanguage\":\"es\",\"@id\":\"https:\/\/drcarloscastillo.com\/home\/#\/schema\/logo\/image\/\",\"url\":\"https:\/\/drcarloscastillo.com\/wp-content\/uploads\/2021\/01\/cropped-logo_3x.png\",\"contentUrl\":\"https:\/\/drcarloscastillo.com\/wp-content\/uploads\/2021\/01\/cropped-logo_3x.png\",\"width\":505,\"height\":302,\"caption\":\"Dr Carlos Castillo F.\"},\"image\":{\"@id\":\"https:\/\/drcarloscastillo.com\/home\/#\/schema\/logo\/image\/\"}}]}<\/script>\n<!-- \/ Yoast SEO plugin. -->","yoast_head_json":{"title":"ProcedimientosDesde la edad de 15 a +55 a\u00f1os | Dr Carlos Castillo F.","robots":{"index":"index","follow":"follow","max-snippet":"max-snippet:-1","max-image-preview":"max-image-preview:large","max-video-preview":"max-video-preview:-1"},"canonical":"https:\/\/drcarloscastillo.com\/home\/consultas\/","og_locale":"es_ES","og_type":"article","og_title":"ProcedimientosDesde la edad de 15 a +55 a\u00f1os | Dr Carlos Castillo F.","og_description":"\u00bfQu\u00e9 puede hacer el Dr Carlos Castillo por ti? El Dr Carlos Castillo es un especialista en pies y tobillo. Ortopedista y traumat\u00f3logo con subespecialidad en Cirug\u00eda Reconstructiva de pie y tobillo, con experiencia en reemplazo articular de tobillo, artroscopia de tobillo y fijadores externos de pie y tobillo. Correcci\u00f3n de deformidad angular de pie [&hellip;]","og_url":"https:\/\/drcarloscastillo.com\/home\/consultas\/","og_site_name":"Dr Carlos Castillo F.","article_modified_time":"2021-02-09T22:27:50+00:00","og_image":[{"width":600,"height":600,"url":"https:\/\/drcarloscastillo.com\/wp-content\/uploads\/2020\/12\/pie3.png","type":"image\/png"}],"twitter_card":"summary_large_image","twitter_misc":{"Tiempo de lectura":"1 minuto"},"schema":{"@context":"https:\/\/schema.org","@graph":[{"@type":"WebPage","@id":"https:\/\/drcarloscastillo.com\/home\/consultas\/","url":"https:\/\/drcarloscastillo.com\/home\/consultas\/","name":"Procedimientos Desde la edad de 15 a +55 a\u00f1os | Dr Carlos Castillo F.","isPartOf":{"@id":"https:\/\/drcarloscastillo.com\/home\/#website"},"primaryImageOfPage":{"@id":"https:\/\/drcarloscastillo.com\/home\/consultas\/#primaryimage"},"image":{"@id":"https:\/\/drcarloscastillo.com\/home\/consultas\/#primaryimage"},"thumbnailUrl":"https:\/\/drcarloscastillo.com\/wp-content\/uploads\/2020\/12\/pie3.png","datePublished":"2021-01-02T19:42:02+00:00","dateModified":"2021-02-09T22:27:50+00:00","breadcrumb":{"@id":"https:\/\/drcarloscastillo.com\/home\/consultas\/#breadcrumb"},"inLanguage":"es","potentialAction":[{"@type":"ReadAction","target":["https:\/\/drcarloscastillo.com\/home\/consultas\/"]}]},{"@type":"ImageObject","inLanguage":"es","@id":"https:\/\/drcarloscastillo.com\/home\/consultas\/#primaryimage","url":"https:\/\/drcarloscastillo.com\/wp-content\/uploads\/2020\/12\/pie3.png","contentUrl":"https:\/\/drcarloscastillo.com\/wp-content\/uploads\/2020\/12\/pie3.png","width":600,"height":600},{"@type":"BreadcrumbList","@id":"https:\/\/drcarloscastillo.com\/home\/consultas\/#breadcrumb","itemListElement":[{"@type":"ListItem","position":1,"name":"Portada","item":"https:\/\/drcarloscastillo.com\/home\/"},{"@type":"ListItem","position":2,"name":"ProcedimientosDesde la edad de 15 a +55 a\u00f1os"}]},{"@type":"WebSite","@id":"https:\/\/drcarloscastillo.com\/home\/#website","url":"https:\/\/drcarloscastillo.com\/home\/","name":"Dr Carlos Castillo F.","description":"Ortopedista y traumat\u00f3logo","publisher":{"@id":"https:\/\/drcarloscastillo.com\/home\/#organization"},"potentialAction":[{"@type":"SearchAction","target":{"@type":"EntryPoint","urlTemplate":"https:\/\/drcarloscastillo.com\/home\/?s={search_term_string}"},"query-input":"required name=search_term_string"}],"inLanguage":"es"},{"@type":"Organization","@id":"https:\/\/drcarloscastillo.com\/home\/#organization","name":"Dr Carlos Castillo F.","url":"https:\/\/drcarloscastillo.com\/home\/","logo":{"@type":"ImageObject","inLanguage":"es","@id":"https:\/\/drcarloscastillo.com\/home\/#\/schema\/logo\/image\/","url":"https:\/\/drcarloscastillo.com\/wp-content\/uploads\/2021\/01\/cropped-logo_3x.png","contentUrl":"https:\/\/drcarloscastillo.com\/wp-content\/uploads\/2021\/01\/cropped-logo_3x.png","width":505,"height":302,"caption":"Dr Carlos Castillo F."},"image":{"@id":"https:\/\/drcarloscastillo.com\/home\/#\/schema\/logo\/image\/"}}]}},"_links":{"self":[{"href":"https:\/\/drcarloscastillo.com\/home\/wp-json\/wp\/v2\/pages\/81"}],"collection":[{"href":"https:\/\/drcarloscastillo.com\/home\/wp-json\/wp\/v2\/pages"}],"about":[{"href":"https:\/\/drcarloscastillo.com\/home\/wp-json\/wp\/v2\/types\/page"}],"author":[{"embeddable":true,"href":"https:\/\/drcarloscastillo.com\/home\/wp-json\/wp\/v2\/users\/1"}],"replies":[{"embeddable":true,"href":"https:\/\/drcarloscastillo.com\/home\/wp-json\/wp\/v2\/comments?post=81"}],"version-history":[{"count":34,"href":"https:\/\/drcarloscastillo.com\/home\/wp-json\/wp\/v2\/pages\/81\/revisions"}],"predecessor-version":[{"id":375,"href":"https:\/\/drcarloscastillo.com\/home\/wp-json\/wp\/v2\/pages\/81\/revisions\/375"}],"wp:featuredmedia":[{"embeddable":true,"href":"https:\/\/drcarloscastillo.com\/home\/wp-json\/wp\/v2\/media\/56"}],"wp:attachment":[{"href":"https:\/\/drcarloscastillo.com\/home\/wp-json\/wp\/v2\/media?parent=81"}],"curies":[{"name":"wp","href":"https:\/\/api.w.org\/{rel}","templated":true}]}}