{"id":106,"date":"2021-01-04T18:37:27","date_gmt":"2021-01-04T18:37:27","guid":{"rendered":"http:\/\/drcarloscastillo.com\/?page_id=106"},"modified":"2021-02-09T18:20:44","modified_gmt":"2021-02-09T23:20:44","slug":"home","status":"publish","type":"page","link":"https:\/\/drcarloscastillo.com\/home\/","title":{"rendered":"Home"},"content":{"rendered":"\n<div class=\"descripcion-dr\">\n    <div class=\"container\">    \n        <div class=\"row\">\n            <div class=\"col-12 text-intro\">\n                <div class=\"col-12 text-center mg-b-50 mg-t-20\">\n                    <h2>La salud de tus pies en las mejores manos<\/h2>\n                <\/div>            \n                <p>\n                    Soy m\u00e9dico Ortopedista y Traumat\u00f3logo con subespecialidad en Cirug\u00eda Reconstructiva de pie y tobillo. Con amplia experiencia en el manejo de lesiones deportivas, secuelas de accidentes y cirug\u00eda reconstructiva de las lesiones en el pie y tobillo. Somos un equipo que va a la vanguardia de la tecnolog\u00eda, con alta experiencia y completamente emp\u00e1tico con nuestros pacientes, que profundiza en cada causa y plantea soluciones reproducibles y efectivas.<\/p>               \n            <\/div>        \n        <\/div>  \n        <div class=\"row\">\n            <div class=\"col-12 text-center mg-b-50\">\n                <a href=\"https:\/\/drcarloscastillo.com\/home\/quien-soy\/\" class=\"boton1 btn btn-warning\"> Saber m\u00e1s <\/a>\n            <\/div>\n        <\/div>      \n    <\/div>\n<\/div>\n\n    <div class=\"mg-b-20 text-center\">\n        <h2>\u00bfQu\u00e9 atendemos?<\/h2>\n    <\/div>\n","protected":false},"excerpt":{"rendered":"<p>La salud de tus pies en las mejores manos Soy m\u00e9dico Ortopedista y Traumat\u00f3logo con subespecialidad en Cirug\u00eda Reconstructiva de pie y tobillo. Con amplia experiencia en el manejo de lesiones deportivas, secuelas de accidentes y cirug\u00eda reconstructiva de las lesiones en el pie y tobillo. Somos un equipo que va a la vanguardia de [&hellip;]<\/p>\n","protected":false},"author":1,"featured_media":0,"parent":0,"menu_order":0,"comment_status":"closed","ping_status":"closed","template":"home.php","meta":{"_acf_changed":false,"footnotes":""},"class_list":["post-106","page","type-page","status-publish","hentry"],"acf":[],"yoast_head":"<!-- This site is optimized with the Yoast SEO plugin v23.1 - https:\/\/yoast.com\/wordpress\/plugins\/seo\/ -->\n<title>Home | Dr Carlos Castillo F.<\/title>\n<meta name=\"robots\" content=\"index, follow, max-snippet:-1, max-image-preview:large, max-video-preview:-1\" \/>\n<link rel=\"canonical\" href=\"https:\/\/drcarloscastillo.com\/home\/\" \/>\n<meta property=\"og:locale\" content=\"es_ES\" \/>\n<meta property=\"og:type\" content=\"article\" \/>\n<meta property=\"og:title\" content=\"Home | Dr Carlos Castillo F.\" \/>\n<meta property=\"og:description\" content=\"La salud de tus pies en las mejores manos Soy m\u00e9dico Ortopedista y Traumat\u00f3logo con subespecialidad en Cirug\u00eda Reconstructiva de pie y tobillo. Con amplia experiencia en el manejo de lesiones deportivas, secuelas de accidentes y cirug\u00eda reconstructiva de las lesiones en el pie y tobillo. Somos un equipo que va a la vanguardia de [&hellip;]\" \/>\n<meta property=\"og:url\" content=\"https:\/\/drcarloscastillo.com\/home\/\" \/>\n<meta property=\"og:site_name\" content=\"Dr Carlos Castillo F.\" \/>\n<meta property=\"article:modified_time\" content=\"2021-02-09T23:20:44+00:00\" \/>\n<meta name=\"twitter:card\" content=\"summary_large_image\" \/>\n<script type=\"application\/ld+json\" class=\"yoast-schema-graph\">{\"@context\":\"https:\/\/schema.org\",\"@graph\":[{\"@type\":\"WebPage\",\"@id\":\"https:\/\/drcarloscastillo.com\/home\/\",\"url\":\"https:\/\/drcarloscastillo.com\/home\/\",\"name\":\"Home | Dr Carlos Castillo F.\",\"isPartOf\":{\"@id\":\"https:\/\/drcarloscastillo.com\/home\/#website\"},\"datePublished\":\"2021-01-04T18:37:27+00:00\",\"dateModified\":\"2021-02-09T23:20:44+00:00\",\"breadcrumb\":{\"@id\":\"https:\/\/drcarloscastillo.com\/home\/#breadcrumb\"},\"inLanguage\":\"es\",\"potentialAction\":[{\"@type\":\"ReadAction\",\"target\":[\"https:\/\/drcarloscastillo.com\/home\/\"]}]},{\"@type\":\"BreadcrumbList\",\"@id\":\"https:\/\/drcarloscastillo.com\/home\/#breadcrumb\",\"itemListElement\":[{\"@type\":\"ListItem\",\"position\":1,\"name\":\"Portada\",\"item\":\"https:\/\/drcarloscastillo.com\/home\/\"},{\"@type\":\"ListItem\",\"position\":2,\"name\":\"Home\"}]},{\"@type\":\"WebSite\",\"@id\":\"https:\/\/drcarloscastillo.com\/home\/#website\",\"url\":\"https:\/\/drcarloscastillo.com\/home\/\",\"name\":\"Dr Carlos Castillo F.\",\"description\":\"Ortopedista y traumat\u00f3logo\",\"publisher\":{\"@id\":\"https:\/\/drcarloscastillo.com\/home\/#organization\"},\"potentialAction\":[{\"@type\":\"SearchAction\",\"target\":{\"@type\":\"EntryPoint\",\"urlTemplate\":\"https:\/\/drcarloscastillo.com\/home\/?s={search_term_string}\"},\"query-input\":\"required name=search_term_string\"}],\"inLanguage\":\"es\"},{\"@type\":\"Organization\",\"@id\":\"https:\/\/drcarloscastillo.com\/home\/#organization\",\"name\":\"Dr Carlos Castillo F.\",\"url\":\"https:\/\/drcarloscastillo.com\/home\/\",\"logo\":{\"@type\":\"ImageObject\",\"inLanguage\":\"es\",\"@id\":\"https:\/\/drcarloscastillo.com\/home\/#\/schema\/logo\/image\/\",\"url\":\"https:\/\/drcarloscastillo.com\/wp-content\/uploads\/2021\/01\/cropped-logo_3x.png\",\"contentUrl\":\"https:\/\/drcarloscastillo.com\/wp-content\/uploads\/2021\/01\/cropped-logo_3x.png\",\"width\":505,\"height\":302,\"caption\":\"Dr Carlos Castillo F.\"},\"image\":{\"@id\":\"https:\/\/drcarloscastillo.com\/home\/#\/schema\/logo\/image\/\"}}]}<\/script>\n<!-- \/ Yoast SEO plugin. -->","yoast_head_json":{"title":"Home | Dr Carlos Castillo F.","robots":{"index":"index","follow":"follow","max-snippet":"max-snippet:-1","max-image-preview":"max-image-preview:large","max-video-preview":"max-video-preview:-1"},"canonical":"https:\/\/drcarloscastillo.com\/home\/","og_locale":"es_ES","og_type":"article","og_title":"Home | Dr Carlos Castillo F.","og_description":"La salud de tus pies en las mejores manos Soy m\u00e9dico Ortopedista y Traumat\u00f3logo con subespecialidad en Cirug\u00eda Reconstructiva de pie y tobillo. Con amplia experiencia en el manejo de lesiones deportivas, secuelas de accidentes y cirug\u00eda reconstructiva de las lesiones en el pie y tobillo. Somos un equipo que va a la vanguardia de [&hellip;]","og_url":"https:\/\/drcarloscastillo.com\/home\/","og_site_name":"Dr Carlos Castillo F.","article_modified_time":"2021-02-09T23:20:44+00:00","twitter_card":"summary_large_image","schema":{"@context":"https:\/\/schema.org","@graph":[{"@type":"WebPage","@id":"https:\/\/drcarloscastillo.com\/home\/","url":"https:\/\/drcarloscastillo.com\/home\/","name":"Home | Dr Carlos Castillo F.","isPartOf":{"@id":"https:\/\/drcarloscastillo.com\/home\/#website"},"datePublished":"2021-01-04T18:37:27+00:00","dateModified":"2021-02-09T23:20:44+00:00","breadcrumb":{"@id":"https:\/\/drcarloscastillo.com\/home\/#breadcrumb"},"inLanguage":"es","potentialAction":[{"@type":"ReadAction","target":["https:\/\/drcarloscastillo.com\/home\/"]}]},{"@type":"BreadcrumbList","@id":"https:\/\/drcarloscastillo.com\/home\/#breadcrumb","itemListElement":[{"@type":"ListItem","position":1,"name":"Portada","item":"https:\/\/drcarloscastillo.com\/home\/"},{"@type":"ListItem","position":2,"name":"Home"}]},{"@type":"WebSite","@id":"https:\/\/drcarloscastillo.com\/home\/#website","url":"https:\/\/drcarloscastillo.com\/home\/","name":"Dr Carlos Castillo F.","description":"Ortopedista y traumat\u00f3logo","publisher":{"@id":"https:\/\/drcarloscastillo.com\/home\/#organization"},"potentialAction":[{"@type":"SearchAction","target":{"@type":"EntryPoint","urlTemplate":"https:\/\/drcarloscastillo.com\/home\/?s={search_term_string}"},"query-input":"required name=search_term_string"}],"inLanguage":"es"},{"@type":"Organization","@id":"https:\/\/drcarloscastillo.com\/home\/#organization","name":"Dr Carlos Castillo F.","url":"https:\/\/drcarloscastillo.com\/home\/","logo":{"@type":"ImageObject","inLanguage":"es","@id":"https:\/\/drcarloscastillo.com\/home\/#\/schema\/logo\/image\/","url":"https:\/\/drcarloscastillo.com\/wp-content\/uploads\/2021\/01\/cropped-logo_3x.png","contentUrl":"https:\/\/drcarloscastillo.com\/wp-content\/uploads\/2021\/01\/cropped-logo_3x.png","width":505,"height":302,"caption":"Dr Carlos Castillo F."},"image":{"@id":"https:\/\/drcarloscastillo.com\/home\/#\/schema\/logo\/image\/"}}]}},"_links":{"self":[{"href":"https:\/\/drcarloscastillo.com\/home\/wp-json\/wp\/v2\/pages\/106"}],"collection":[{"href":"https:\/\/drcarloscastillo.com\/home\/wp-json\/wp\/v2\/pages"}],"about":[{"href":"https:\/\/drcarloscastillo.com\/home\/wp-json\/wp\/v2\/types\/page"}],"author":[{"embeddable":true,"href":"https:\/\/drcarloscastillo.com\/home\/wp-json\/wp\/v2\/users\/1"}],"replies":[{"embeddable":true,"href":"https:\/\/drcarloscastillo.com\/home\/wp-json\/wp\/v2\/comments?post=106"}],"version-history":[{"count":30,"href":"https:\/\/drcarloscastillo.com\/home\/wp-json\/wp\/v2\/pages\/106\/revisions"}],"predecessor-version":[{"id":344,"href":"https:\/\/drcarloscastillo.com\/home\/wp-json\/wp\/v2\/pages\/106\/revisions\/344"}],"wp:attachment":[{"href":"https:\/\/drcarloscastillo.com\/home\/wp-json\/wp\/v2\/media?parent=106"}],"curies":[{"name":"wp","href":"https:\/\/api.w.org\/{rel}","templated":true}]}}